{"id":27,"date":"2016-11-19T21:04:53","date_gmt":"2016-11-19T21:04:53","guid":{"rendered":"https:\/\/integrabms.pl\/?page_id=27"},"modified":"2020-12-30T01:15:53","modified_gmt":"2020-12-30T01:15:53","slug":"rozwiazania","status":"publish","type":"page","link":"https:\/\/integrabms.pl\/?page_id=27","title":{"rendered":"ROZWI\u0104ZANIA"},"content":{"rendered":"\n<p>Wieloletnie do\u015bwiadczenie pozwoli\u0142o nam na weryfikacj\u0119 mo\u017cliwo\u015bci poszczeg\u00f3lnych rozwi\u0105za\u0144. Dlatego jeste\u015bmy w stanie dobra\u0107 najlepsze rozwi\u0105zanie do Twoich potrzeb.<\/p>\n\n\n\n<div class=\"wp-block-columns is-layout-flex wp-container-core-columns-is-layout-28f84493 wp-block-columns-is-layout-flex\">\n<div class=\"wp-block-column is-layout-flow wp-block-column-is-layout-flow\">\n<figure class=\"wp-block-image size-large\"><a href=\"https:\/\/integrabms.pl\/?page_id=166\"><img loading=\"lazy\" decoding=\"async\" width=\"1024\" height=\"309\" src=\"https:\/\/integrabms.pl\/wp-content\/uploads\/2016\/11\/Schneider_Electric.svg_-1024x309.png\" alt=\"\" class=\"wp-image-51\" srcset=\"https:\/\/integrabms.pl\/wp-content\/uploads\/2016\/11\/Schneider_Electric.svg_-1024x309.png 1024w, https:\/\/integrabms.pl\/wp-content\/uploads\/2016\/11\/Schneider_Electric.svg_-300x90.png 300w, https:\/\/integrabms.pl\/wp-content\/uploads\/2016\/11\/Schneider_Electric.svg_-768x232.png 768w, https:\/\/integrabms.pl\/wp-content\/uploads\/2016\/11\/Schneider_Electric.svg_.png 1280w\" sizes=\"auto, (max-width: 1024px) 100vw, 1024px\" \/><\/a><\/figure>\n\n\n\n<p><\/p>\n<\/div>\n\n\n\n<div class=\"wp-block-column is-layout-flow wp-block-column-is-layout-flow\">\n<figure class=\"wp-block-image size-large\"><a href=\"https:\/\/integrabms.pl\/?page_id=942\"><img loading=\"lazy\" decoding=\"async\" width=\"1024\" height=\"244\" src=\"https:\/\/integrabms.pl\/wp-content\/uploads\/2018\/01\/Siemens-logo.svg_-1024x244.png\" alt=\"\" class=\"wp-image-653\" srcset=\"https:\/\/integrabms.pl\/wp-content\/uploads\/2018\/01\/Siemens-logo.svg_-1024x244.png 1024w, https:\/\/integrabms.pl\/wp-content\/uploads\/2018\/01\/Siemens-logo.svg_-300x71.png 300w, https:\/\/integrabms.pl\/wp-content\/uploads\/2018\/01\/Siemens-logo.svg_-768x183.png 768w, https:\/\/integrabms.pl\/wp-content\/uploads\/2018\/01\/Siemens-logo.svg_.png 2000w\" sizes=\"auto, (max-width: 1024px) 100vw, 1024px\" \/><\/a><\/figure>\n<\/div>\n\n\n\n<div class=\"wp-block-column is-layout-flow wp-block-column-is-layout-flow\">\n<figure class=\"wp-block-image size-large\"><a href=\"https:\/\/integrabms.pl\/?page_id=170\"><img loading=\"lazy\" decoding=\"async\" width=\"1024\" height=\"181\" src=\"https:\/\/integrabms.pl\/wp-content\/uploads\/2017\/08\/2000px-Honeywell_logo.svg_-1024x181.png\" alt=\"\" class=\"wp-image-607\" srcset=\"https:\/\/integrabms.pl\/wp-content\/uploads\/2017\/08\/2000px-Honeywell_logo.svg_-1024x181.png 1024w, https:\/\/integrabms.pl\/wp-content\/uploads\/2017\/08\/2000px-Honeywell_logo.svg_-300x53.png 300w, https:\/\/integrabms.pl\/wp-content\/uploads\/2017\/08\/2000px-Honeywell_logo.svg_-768x136.png 768w, https:\/\/integrabms.pl\/wp-content\/uploads\/2017\/08\/2000px-Honeywell_logo.svg_.png 2000w\" sizes=\"auto, (max-width: 1024px) 100vw, 1024px\" \/><\/a><\/figure>\n<\/div>\n<\/div>\n\n\n\n<p><\/p>\n","protected":false},"excerpt":{"rendered":"<p>Wieloletnie do\u015bwiadczenie pozwoli\u0142o nam na weryfikacj\u0119 mo\u017cliwo\u015bci poszczeg\u00f3lnych rozwi\u0105za\u0144. Dlatego jeste\u015bmy w stanie dobra\u0107 najlepsze rozwi\u0105zanie do Twoich potrzeb.<\/p>\n","protected":false},"author":2,"featured_media":0,"parent":0,"menu_order":0,"comment_status":"closed","ping_status":"closed","template":"","meta":{"footnotes":""},"class_list":["post-27","page","type-page","status-publish","hentry"],"_links":{"self":[{"href":"https:\/\/integrabms.pl\/index.php?rest_route=\/wp\/v2\/pages\/27","targetHints":{"allow":["GET"]}}],"collection":[{"href":"https:\/\/integrabms.pl\/index.php?rest_route=\/wp\/v2\/pages"}],"about":[{"href":"https:\/\/integrabms.pl\/index.php?rest_route=\/wp\/v2\/types\/page"}],"author":[{"embeddable":true,"href":"https:\/\/integrabms.pl\/index.php?rest_route=\/wp\/v2\/users\/2"}],"replies":[{"embeddable":true,"href":"https:\/\/integrabms.pl\/index.php?rest_route=%2Fwp%2Fv2%2Fcomments&post=27"}],"version-history":[{"count":13,"href":"https:\/\/integrabms.pl\/index.php?rest_route=\/wp\/v2\/pages\/27\/revisions"}],"predecessor-version":[{"id":966,"href":"https:\/\/integrabms.pl\/index.php?rest_route=\/wp\/v2\/pages\/27\/revisions\/966"}],"wp:attachment":[{"href":"https:\/\/integrabms.pl\/index.php?rest_route=%2Fwp%2Fv2%2Fmedia&parent=27"}],"curies":[{"name":"wp","href":"https:\/\/api.w.org\/{rel}","templated":true}]}}