{"id":40,"date":"2016-11-19T22:48:15","date_gmt":"2016-11-19T22:48:15","guid":{"rendered":"https:\/\/integrabms.pl\/?page_id=40"},"modified":"2025-10-06T06:22:57","modified_gmt":"2025-10-06T06:22:57","slug":"integra-bms","status":"publish","type":"page","link":"https:\/\/integrabms.pl\/","title":{"rendered":"INTEGRA BMS"},"content":{"rendered":"\n<p class=\"has-text-align-left\">INTEGRA BMS to firma, kt\u00f3ra powsta\u0142a, aby zaspokoi\u0107 potrzeby Inwestor\u00f3w w zakresie doradztwa, projektowania i realizacji obejmuj\u0105cych nowoczesne technologie budynkowe. Znajomo\u015b\u0107 bran\u017cy oraz do\u015bwiadczenie w projektowaniu i budowie system\u00f3w automatyki budynkowej pozwalaj\u0105 tworzy\u0107 optymalne rozwi\u0105zania, kt\u00f3re wi\u0105\u017c\u0105 podstawowe zalety funkcjonalne i ekonomiczne ich stosowania. Wieloletnie do\u015bwiadczenie pracownik\u00f3w naszej firmy gwarantuje w pe\u0142ni profesjonaln\u0105 i kompleksow\u0105 obs\u0142ug\u0119. Jeste\u015bmy kompetentnym i wiarygodnym partnerem, dlatego dok\u0142adamy wszelkich stara\u0144, aby satysfakcja wynika\u0142a z dobrych relacji opartych na dialogu i zaufaniu.<\/p>\n","protected":false},"excerpt":{"rendered":"<p>INTEGRA BMS to firma, kt\u00f3ra powsta\u0142a, aby zaspokoi\u0107 potrzeby Inwestor\u00f3w w zakresie doradztwa, projektowania i realizacji obejmuj\u0105cych nowoczesne technologie budynkowe. Znajomo\u015b\u0107 bran\u017cy oraz do\u015bwiadczenie w projektowaniu i budowie system\u00f3w automatyki budynkowej pozwalaj\u0105 tworzy\u0107 optymalne rozwi\u0105zania, kt\u00f3re wi\u0105\u017c\u0105 podstawowe zalety funkcjonalne i ekonomiczne ich stosowania. Wieloletnie do\u015bwiadczenie pracownik\u00f3w naszej firmy gwarantuje w pe\u0142ni profesjonaln\u0105 i kompleksow\u0105 [&hellip;]<\/p>\n","protected":false},"author":2,"featured_media":0,"parent":0,"menu_order":0,"comment_status":"closed","ping_status":"closed","template":"","meta":{"footnotes":""},"class_list":["post-40","page","type-page","status-publish","hentry"],"_links":{"self":[{"href":"https:\/\/integrabms.pl\/index.php?rest_route=\/wp\/v2\/pages\/40","targetHints":{"allow":["GET"]}}],"collection":[{"href":"https:\/\/integrabms.pl\/index.php?rest_route=\/wp\/v2\/pages"}],"about":[{"href":"https:\/\/integrabms.pl\/index.php?rest_route=\/wp\/v2\/types\/page"}],"author":[{"embeddable":true,"href":"https:\/\/integrabms.pl\/index.php?rest_route=\/wp\/v2\/users\/2"}],"replies":[{"embeddable":true,"href":"https:\/\/integrabms.pl\/index.php?rest_route=%2Fwp%2Fv2%2Fcomments&post=40"}],"version-history":[{"count":32,"href":"https:\/\/integrabms.pl\/index.php?rest_route=\/wp\/v2\/pages\/40\/revisions"}],"predecessor-version":[{"id":1423,"href":"https:\/\/integrabms.pl\/index.php?rest_route=\/wp\/v2\/pages\/40\/revisions\/1423"}],"wp:attachment":[{"href":"https:\/\/integrabms.pl\/index.php?rest_route=%2Fwp%2Fv2%2Fmedia&parent=40"}],"curies":[{"name":"wp","href":"https:\/\/api.w.org\/{rel}","templated":true}]}}