{"id":566,"date":"2017-05-28T18:28:15","date_gmt":"2017-05-28T18:28:15","guid":{"rendered":"https:\/\/integrabms.pl\/?page_id=566"},"modified":"2020-11-08T20:18:22","modified_gmt":"2020-11-08T20:18:22","slug":"wdrozenia","status":"publish","type":"page","link":"https:\/\/integrabms.pl\/?page_id=566","title":{"rendered":"WDRO\u017bENIA"},"content":{"rendered":"<p>Firma Integra BMS \u015bwiadczy us\u0142ugi uruchomienie system\u00f3w BMS takich jak :<\/p>\n<ul>\n<li>Struxureware<\/li>\n<li>Desigo<\/li>\n<li>Niagara<\/li>\n<li>XBMS<\/li>\n<\/ul>\n<p>W takim przypadku dostawa sterownik\u00f3w, sprz\u0119tu i uk\u0142adanie okablowania jest po stronie zleceniodawcy.<\/p>\n","protected":false},"excerpt":{"rendered":"<p>Firma Integra BMS \u015bwiadczy us\u0142ugi uruchomienie system\u00f3w BMS takich jak : Struxureware Desigo Niagara XBMS W takim przypadku dostawa sterownik\u00f3w, sprz\u0119tu i uk\u0142adanie okablowania jest po stronie zleceniodawcy.<\/p>\n","protected":false},"author":2,"featured_media":0,"parent":0,"menu_order":0,"comment_status":"closed","ping_status":"closed","template":"","meta":{"footnotes":""},"class_list":["post-566","page","type-page","status-publish","hentry"],"_links":{"self":[{"href":"https:\/\/integrabms.pl\/index.php?rest_route=\/wp\/v2\/pages\/566","targetHints":{"allow":["GET"]}}],"collection":[{"href":"https:\/\/integrabms.pl\/index.php?rest_route=\/wp\/v2\/pages"}],"about":[{"href":"https:\/\/integrabms.pl\/index.php?rest_route=\/wp\/v2\/types\/page"}],"author":[{"embeddable":true,"href":"https:\/\/integrabms.pl\/index.php?rest_route=\/wp\/v2\/users\/2"}],"replies":[{"embeddable":true,"href":"https:\/\/integrabms.pl\/index.php?rest_route=%2Fwp%2Fv2%2Fcomments&post=566"}],"version-history":[{"count":7,"href":"https:\/\/integrabms.pl\/index.php?rest_route=\/wp\/v2\/pages\/566\/revisions"}],"predecessor-version":[{"id":855,"href":"https:\/\/integrabms.pl\/index.php?rest_route=\/wp\/v2\/pages\/566\/revisions\/855"}],"wp:attachment":[{"href":"https:\/\/integrabms.pl\/index.php?rest_route=%2Fwp%2Fv2%2Fmedia&parent=566"}],"curies":[{"name":"wp","href":"https:\/\/api.w.org\/{rel}","templated":true}]}}